{"id":45,"date":"2017-02-16T19:13:29","date_gmt":"2017-02-16T19:13:29","guid":{"rendered":"https:\/\/geoportal.gis.stronazen.pl\/?page_id=45"},"modified":"2017-04-15T17:23:24","modified_gmt":"2017-04-15T17:23:24","slug":"do-pobrania","status":"publish","type":"page","link":"https:\/\/geoportal.gis.stronazen.pl\/?page_id=45","title":{"rendered":"Do pobrania"},"content":{"rendered":"<p><strong>Archiwalne zdj\u0119cia lotnicze do pobrania:<\/strong><\/p>\n<ul>\n<li>niemieckie (Luftwaffe) zdj\u0119cia lotnicze z 1944 roku dla Lublina i okolic. Kolekcja udost\u0119pniona przez p. Zygmunta Walkowskiego\/NARA.<br \/>\n<a href=\"https:\/\/geoportal.gis.stronazen.pl\/wp-content\/uploads\/2017\/02\/60.jpg\" target=\"_blank\"><img decoding=\"async\" loading=\"lazy\" class=\"alignnone size-medium wp-image-15\" src=\"https:\/\/geoportal.gis.stronazen.pl\/wp-content\/uploads\/2017\/02\/img1.jpg\" alt=\"\" width=\"100\" height=\"100\" \/><\/a><a href=\"https:\/\/geoportal.gis.stronazen.pl\/wp-content\/uploads\/2017\/02\/img570.jpg\" target=\"_blank\"><img decoding=\"async\" loading=\"lazy\" class=\"alignnone size-medium wp-image-15\" src=\"https:\/\/geoportal.gis.stronazen.pl\/wp-content\/uploads\/2017\/02\/img1.jpg\" alt=\"\" width=\"100\" height=\"100\" \/><\/a><a href=\"https:\/\/geoportal.gis.stronazen.pl\/wp-content\/uploads\/2017\/02\/img571.jpg\" target=\"_blank\"><img decoding=\"async\" loading=\"lazy\" class=\"alignnone size-medium wp-image-15\" src=\"https:\/\/geoportal.gis.stronazen.pl\/wp-content\/uploads\/2017\/02\/img1.jpg\" alt=\"\" width=\"100\" height=\"100\" \/><\/a><a href=\"https:\/\/geoportal.gis.stronazen.pl\/wp-content\/uploads\/2017\/02\/img569.jpg\" target=\"_blank\"><img decoding=\"async\" loading=\"lazy\" class=\"alignnone size-medium wp-image-15\" src=\"https:\/\/geoportal.gis.stronazen.pl\/wp-content\/uploads\/2017\/02\/img1.jpg\" alt=\"\" width=\"100\" height=\"100\" \/><\/a><\/li>\n<\/ul>\n<ul>\n<li>niemieckie (Luftwaffe) zdj\u0119cia lotnicze z 1944 roku (prawdopodobnie z sierpnia 1944 ) dla Warszawy. Kolekcja udost\u0119pniona przez p. Zygmunta Walkowskiego\/NARA.<br \/>\n<a href=\"https:\/\/geoportal.gis.stronazen.pl\/wp-content\/uploads\/2017\/02\/3614.tiff\" target=\"_blank\"><img decoding=\"async\" loading=\"lazy\" class=\"alignnone size-medium wp-image-15\" src=\"https:\/\/geoportal.gis.stronazen.pl\/wp-content\/uploads\/2017\/02\/a.jpg\" alt=\"\" width=\"100\" height=\"100\" \/><\/a><a href=\"https:\/\/geoportal.gis.stronazen.pl\/wp-content\/uploads\/2017\/02\/3615.tiff\" target=\"_blank\"><img decoding=\"async\" loading=\"lazy\" class=\"alignnone size-medium wp-image-15\" src=\"https:\/\/geoportal.gis.stronazen.pl\/wp-content\/uploads\/2017\/02\/b.jpg\" alt=\"\" width=\"100\" height=\"100\" \/><\/a><a href=\"https:\/\/geoportal.gis.stronazen.pl\/wp-content\/uploads\/2017\/02\/3616.tiff\" target=\"_blank\"> <img decoding=\"async\" loading=\"lazy\" class=\"alignnone size-medium wp-image-15\" src=\"https:\/\/geoportal.gis.stronazen.pl\/wp-content\/uploads\/2017\/02\/c.jpg\" alt=\"\" width=\"100\" height=\"100\" \/><\/a><a href=\"https:\/\/geoportal.gis.stronazen.pl\/wp-content\/uploads\/2017\/02\/3617.tiff\" target=\"_blank\"> <img decoding=\"async\" loading=\"lazy\" class=\"alignnone size-medium wp-image-15\" src=\"https:\/\/geoportal.gis.stronazen.pl\/wp-content\/uploads\/2017\/02\/d.jpg\" alt=\"\" width=\"100\" height=\"100\" \/><\/a><a href=\"https:\/\/geoportal.gis.stronazen.pl\/wp-content\/uploads\/2017\/02\/3649.tiff\" target=\"_blank\"> <img decoding=\"async\" loading=\"lazy\" class=\"alignnone size-medium wp-image-15\" src=\"https:\/\/geoportal.gis.stronazen.pl\/wp-content\/uploads\/2017\/02\/f.jpg\" alt=\"\" width=\"100\" height=\"100\" \/><\/a><\/li>\n<li>niemieckie (Luftwaffe) zdj\u0119cie lotnicze z 1940-41 roku Motylewa (Pi\u0142a).<br \/>\n<a href=\"https:\/\/geoportal.gis.stronazen.pl\/wp-content\/uploads\/2017\/04\/mot.jpg\" target=\"_blank\"><img decoding=\"async\" loading=\"lazy\" class=\"size-thumbnail wp-image-90\" src=\"https:\/\/geoportal.gis.stronazen.pl\/wp-content\/uploads\/2017\/04\/mot-150x150.jpg\" alt=\"\" width=\"100\" height=\"100\" \/><\/a><\/li>\n<li><b><font color=\"red\"> ! HIT ! <\/font><\/b>alianckie zdj\u0119cie lotnicze z 1944 roku Wroc\u0142awia (okolice dworca g\u0142\u00f3wnego\/fragment).<br \/>\n<a href=\"https:\/\/geoportal.gis.stronazen.pl\/wp-content\/uploads\/2017\/04\/wroc.jpg\" target=\"_blank\"><img decoding=\"async\" loading=\"lazy\" class=\"size-thumbnail wp-image-90\" src=\"https:\/\/geoportal.gis.stronazen.pl\/wp-content\/uploads\/2017\/04\/wroc-150x150.jpg\" alt=\"\" width=\"100\" height=\"100\" \/><\/a>\n<\/li>\n<li>niemieckie zdj\u0119cie lotnicze z grudnia 1944 roku Kalisza (s\u0142aba jako\u015b\u0107).<br \/>\n<a href=\"https:\/\/geoportal.gis.stronazen.pl\/wp-content\/uploads\/2017\/04\/kalisz.jpg\" target=\"_blank\"><img decoding=\"async\" loading=\"lazy\" class=\"size-thumbnail wp-image-90\" src=\"https:\/\/geoportal.gis.stronazen.pl\/wp-content\/uploads\/2017\/04\/kalisz-150x150.jpg\" alt=\"\" width=\"100\" height=\"100\"  \/><\/a>\n<\/li>\n<li>niemieckie zdj\u0119cie lotnicze z grudnia 1944 roku Kowar (zdj\u0119cie zimowe).<br \/>\n<a href=\"https:\/\/geoportal.gis.stronazen.pl\/wp-content\/uploads\/2017\/04\/kowary.jpg\" target=\"_blank\"><img decoding=\"async\" loading=\"lazy\" class=\"size-thumbnail wp-image-90\" src=\"https:\/\/geoportal.gis.stronazen.pl\/wp-content\/uploads\/2017\/04\/kowary-150x150.jpg\" alt=\"\" width=\"100\" height=\"100\"  \/><\/a>\n<\/li>\n<li>niemieckie zdj\u0119cie lotnicze z 1941 roku Ku\u017anic (wschodnia cz\u0119\u015b\u0107).<br \/>\n<a href=\"https:\/\/geoportal.gis.stronazen.pl\/wp-content\/uploads\/2017\/04\/kuznice.jpg\"><img decoding=\"async\" loading=\"lazy\" lass=\"size-thumbnail wp-image-90\" src=\"https:\/\/geoportal.gis.stronazen.pl\/wp-content\/uploads\/2017\/04\/kuznice-150x150.jpg\" alt=\"\" width=\"100\" height=\"100\"  \/><\/a>\n<\/li>\n<\/ul>\n","protected":false},"excerpt":{"rendered":"<p>Archiwalne zdj\u0119cia lotnicze do pobrania: niemieckie (Luftwaffe) zdj\u0119cia lotnicze z 1944 roku dla Lublina i okolic. Kolekcja udost\u0119pniona przez p. Zygmunta Walkowskiego\/NARA. niemieckie (Luftwaffe) zdj\u0119cia lotnicze z 1944 roku (prawdopodobnie z sierpnia 1944 ) dla Warszawy. Kolekcja udost\u0119pniona przez p. Zygmunta Walkowskiego\/NARA. niemieckie (Luftwaffe) zdj\u0119cie lotnicze z 1940-41 roku Motylewa (Pi\u0142a). ! HIT ! alianckie&#8230; <\/p>\n<div class=\"read-more navbutton\"><a href=\"https:\/\/geoportal.gis.stronazen.pl\/?page_id=45\">Read More<i class=\"fa fa-angle-double-right\"><\/i><\/a><\/div>\n","protected":false},"author":1,"featured_media":0,"parent":0,"menu_order":3,"comment_status":"closed","ping_status":"closed","template":"","meta":{"footnotes":""},"_links":{"self":[{"href":"https:\/\/geoportal.gis.stronazen.pl\/index.php?rest_route=\/wp\/v2\/pages\/45"}],"collection":[{"href":"https:\/\/geoportal.gis.stronazen.pl\/index.php?rest_route=\/wp\/v2\/pages"}],"about":[{"href":"https:\/\/geoportal.gis.stronazen.pl\/index.php?rest_route=\/wp\/v2\/types\/page"}],"author":[{"embeddable":true,"href":"https:\/\/geoportal.gis.stronazen.pl\/index.php?rest_route=\/wp\/v2\/users\/1"}],"replies":[{"embeddable":true,"href":"https:\/\/geoportal.gis.stronazen.pl\/index.php?rest_route=%2Fwp%2Fv2%2Fcomments&post=45"}],"version-history":[{"count":43,"href":"https:\/\/geoportal.gis.stronazen.pl\/index.php?rest_route=\/wp\/v2\/pages\/45\/revisions"}],"predecessor-version":[{"id":111,"href":"https:\/\/geoportal.gis.stronazen.pl\/index.php?rest_route=\/wp\/v2\/pages\/45\/revisions\/111"}],"wp:attachment":[{"href":"https:\/\/geoportal.gis.stronazen.pl\/index.php?rest_route=%2Fwp%2Fv2%2Fmedia&parent=45"}],"curies":[{"name":"wp","href":"https:\/\/api.w.org\/{rel}","templated":true}]}}