{"id":2,"date":"2017-02-01T20:32:41","date_gmt":"2017-02-01T20:32:41","guid":{"rendered":"https:\/\/geoportal.gis.stronazen.pl\/?page_id=2"},"modified":"2021-01-06T11:19:16","modified_gmt":"2021-01-06T11:19:16","slug":"about","status":"publish","type":"page","link":"https:\/\/geoportal.gis.stronazen.pl\/?page_id=2","title":{"rendered":"Publikacje"},"content":{"rendered":"<p>Publikacje dot. wykorzystania archiwalnych zdj\u0119\u0107 lotniczych:<\/p>\n<ul>\n<li><a href=\"https:\/\/www.researchgate.net\/publication\/280805218_32_64_Rozycki\" target=\"_blank\" rel=\"noopener\">R\u00f3\u017cycki S., 2010. Charakterystyka kamer rozpoznawczych i zdj\u0119\u0107 lotniczych z okresu II wojny \u015bwiatowej.<\/a><\/li>\n<p><\/p>\n<li><a href=\"http:\/\/www.fronda.pl\/a\/pocisk-ktory-utkwil-w-parkiecie-tanecznym-czyli-co-ma-chopin-do-luftwaffe,13754.html\" target=\"_blank\" rel=\"noopener\">Zygmunt Walkowski. Pocisk, kt\u00f3ry utkwi\u0142 w parkiecie tanecznym, czyli co ma Chopin do Luftwaffe?<\/a><\/li>\n<p><\/p>\n<li><a href=\"http:\/\/geoinformatics.uw.edu.pl\/wp-content\/uploads\/sites\/26\/2014\/03\/TS_v22_111-122.pdf\" target=\"_blank\" rel=\"noopener\">Ma\u0142gorzata MYCKE-DOMINKO. Zmiany na obszarze Lasu Katy\u0144skiego w latach 1942-1944 na podstawie analizy zdj\u0119\u0107 lotniczych .<\/a><\/li>\n<p><!--\n\n\n<li><script type=\"text\/javascript\" src=\"http:\/\/www.wrzuta.pl\/embed_audio.js?key=62gDIPSZFZg&login=w975&width=450&bg=ffffff\">Z lotu jastrz\u0119bia...: Barbara Gr\u0119bceka rozmawia z Zygmuntem Walkowskim. Warszawa na lotniczych zdj\u0119ciach Luftwaffe.<\/a><br \/><center><\/li>\n\n\n--><\/p>\n<\/ul>\n<p>&nbsp;<\/p>\n<p>&nbsp;<\/p>\n","protected":false},"excerpt":{"rendered":"<p>Publikacje dot. wykorzystania archiwalnych zdj\u0119\u0107 lotniczych: R\u00f3\u017cycki S., 2010. Charakterystyka kamer rozpoznawczych i zdj\u0119\u0107 lotniczych z okresu II wojny \u015bwiatowej. Zygmunt Walkowski. Pocisk, kt\u00f3ry utkwi\u0142 w parkiecie tanecznym, czyli co ma Chopin do Luftwaffe? Ma\u0142gorzata MYCKE-DOMINKO. Zmiany na obszarze Lasu Katy\u0144skiego w latach 1942-1944 na podstawie analizy zdj\u0119\u0107 lotniczych . &nbsp; &nbsp;<\/p>\n","protected":false},"author":1,"featured_media":0,"parent":0,"menu_order":1,"comment_status":"closed","ping_status":"closed","template":"","meta":{"footnotes":""},"_links":{"self":[{"href":"https:\/\/geoportal.gis.stronazen.pl\/index.php?rest_route=\/wp\/v2\/pages\/2"}],"collection":[{"href":"https:\/\/geoportal.gis.stronazen.pl\/index.php?rest_route=\/wp\/v2\/pages"}],"about":[{"href":"https:\/\/geoportal.gis.stronazen.pl\/index.php?rest_route=\/wp\/v2\/types\/page"}],"author":[{"embeddable":true,"href":"https:\/\/geoportal.gis.stronazen.pl\/index.php?rest_route=\/wp\/v2\/users\/1"}],"replies":[{"embeddable":true,"href":"https:\/\/geoportal.gis.stronazen.pl\/index.php?rest_route=%2Fwp%2Fv2%2Fcomments&post=2"}],"version-history":[{"count":13,"href":"https:\/\/geoportal.gis.stronazen.pl\/index.php?rest_route=\/wp\/v2\/pages\/2\/revisions"}],"predecessor-version":[{"id":241,"href":"https:\/\/geoportal.gis.stronazen.pl\/index.php?rest_route=\/wp\/v2\/pages\/2\/revisions\/241"}],"wp:attachment":[{"href":"https:\/\/geoportal.gis.stronazen.pl\/index.php?rest_route=%2Fwp%2Fv2%2Fmedia&parent=2"}],"curies":[{"name":"wp","href":"https:\/\/api.w.org\/{rel}","templated":true}]}}